{"id":918,"date":"2021-10-18T20:02:16","date_gmt":"2021-10-18T20:02:16","guid":{"rendered":"https:\/\/moreta-touristagency.hr\/?page_id=918"},"modified":"2021-11-27T15:56:10","modified_gmt":"2021-11-27T15:56:10","slug":"biograd-na-moru","status":"publish","type":"page","link":"http:\/\/moreta-touristagency.hr\/en\/biograd-na-moru\/","title":{"rendered":"Biograd na moru"},"content":{"rendered":"<div id=\"fws_69f659cc510fb\"  data-column-margin=\"default\" data-midnight=\"dark\" data-top-percent=\"20%\" data-bottom-percent=\"20%\"  class=\"wpb_row vc_row-fluid vc_row full-width-section parallax_section\"  style=\"padding-top: calc(100vw * 0.20); padding-bottom: calc(100vw * 0.20); \"><div class=\"row-bg-wrap\" data-bg-animation=\"zoom-out-reveal\" data-bg-overlay=\"true\"><div class=\"inner-wrap using-image\"><div class=\"row-bg using-image\" data-parallax-speed=\"fast\" style=\"background-image: url(http:\/\/moreta-touristagency.hr\/wp-content\/uploads\/2021\/11\/biograd-na-moru.jpg); background-position: center top; background-repeat: no-repeat; \"><\/div><\/div><div class=\"row-bg-overlay\" style=\"background: #000000; background: linear-gradient(90deg,#000000 0%,#000000 100%);  opacity: 0.5; \"><\/div><\/div><div class=\"nectar-shape-divider-wrap no-color\" style=\" height:20%;\" data-using-percent-val=\"true\" data-height=\"20%\" data-front=\"\" data-style=\"tilt_alt\" data-position=\"bottom\" ><svg class=\"nectar-shape-divider\" aria-hidden=\"true\" fill=\"\" xmlns=\"http:\/\/www.w3.org\/2000\/svg\" viewbox=\"0 0 100 10\" preserveaspectratio=\"none\"> <polygon points=\"100 10 100 0 -4 10\"><\/polygon> <\/svg><\/div><div class=\"row_col_wrap_12 col span_12 dark left\">\n\t<div  class=\"vc_col-sm-12 wpb_column column_container vc_column_container col no-extra-padding inherit_tablet inherit_phone\"  data-padding-pos=\"all\" data-has-bg-color=\"false\" data-bg-color=\"\" data-bg-opacity=\"1\" data-animation=\"\" data-delay=\"0\" >\n\t\t<div class=\"vc_column-inner\" >\n\t\t\t<div class=\"wpb_wrapper\">\n\t\t\t\t\n\t\t\t<\/div> \n\t\t<\/div>\n\t<\/div> \n<\/div><\/div>\r\n\t\t<div id=\"fws_69f659cc516b8\"  data-column-margin=\"default\" data-midnight=\"dark\"  class=\"wpb_row vc_row-fluid vc_row\"  style=\"padding-top: 0px; padding-bottom: 0px; \"><div class=\"row-bg-wrap\" data-bg-animation=\"none\" data-bg-overlay=\"true\"><div class=\"inner-wrap\"><div class=\"row-bg using-bg-color\"  style=\"background-color: #ffffff; \"><\/div><\/div><div class=\"row-bg-overlay\" style=\"background-color:#000000;  opacity: 0.5; \"><\/div><\/div><div class=\"row_col_wrap_12 col span_12 dark left\">\n\t<div style=\"\" class=\"vc_col-sm-12 wpb_column column_container vc_column_container col no-extra-padding inherit_tablet inherit_phone\" data-using-bg=\"true\" data-padding-pos=\"all\" data-has-bg-color=\"true\" data-bg-color=\"#ffffff\" data-bg-opacity=\"1\" data-hover-bg=\"#ffffff\" data-hover-bg-opacity=\"1\" data-animation=\"\" data-delay=\"0\" >\n\t\t<div class=\"vc_column-inner\" ><div class=\"column-bg-overlay-wrap\" data-bg-animation=\"none\"><div class=\"column-bg-overlay\" style=\"opacity: 1; background-color: #ffffff;\"><\/div><\/div>\n\t\t\t<div class=\"wpb_wrapper\">\n\t\t\t\t\r\n<div class=\"wpb_text_column wpb_content_element  vc_custom_1638027548621\" >\r\n\t<div class=\"wpb_wrapper\">\r\n\t\t<p><strong>Biograd na Moru (Biograd n \/ M)<\/strong> is a city, port and tourist center that administratively belongs to the Zadar County. It is located 30 km south of Zadar.<\/p>\n<p>It lies on a peninsula surrounded by marinas and a waterfront with an unforgettable view of one of the most picturesque sea straits; The Pa\u0161man Channel and the islets scattered there. It is therefore no wonder the rich tourist history. On its northern side is the bay Bo\u0161ana, and on the southern Soline.<\/p>\n<p>In front of the town are the islands of Planac and Sv. Katarina (with lighthouse). The average air temperature in January is 7 \u00b0 C, and in July 24.5 \u00b0 C, with an average annual rainfall of 840mm. In the bay Soline there is a large, public sandy beach surrounded by pine forests.<\/p>\n<p>The proximity of the National Parks Kornati, Paklenica, Krka and Plitvice Lakes, and the proximity of cultural and historical cities of Zadar, Sibenik and Knin, and the towns of Nin, Skradin and Benkovac, Biograd guests can travel to areas that are among the most beautiful parts of Croatia.<\/p>\n<p>The tourist development of Biograd began between the two world wars. The first Czech guests began to come to Biograd during 1920.<\/p>\n\t<\/div>\r\n<\/div>\r\n\r\n\r\n\r\n\n\t\t\t<\/div> \n\t\t<\/div>\n\t<\/div> \n<\/div><\/div>\r\n\t\t<div id=\"fws_69f659cc51de2\"  data-column-margin=\"default\" data-midnight=\"dark\" data-top-percent=\"20%\" data-bottom-percent=\"20%\"  class=\"wpb_row vc_row-fluid vc_row full-width-section\"  style=\"padding-top: calc(100vw * 0.20); padding-bottom: calc(100vw * 0.20); \"><div class=\"row-bg-wrap\" data-bg-animation=\"zoom-out-reveal\" data-bg-overlay=\"true\"><div class=\"inner-wrap using-image\"><div class=\"row-bg using-image\"  style=\"background-image: url(http:\/\/moreta-touristagency.hr\/wp-content\/uploads\/2021\/11\/Biograd-na-moru-1.jpg); background-position: center top; background-repeat: no-repeat; \"><\/div><\/div><div class=\"row-bg-overlay\" style=\"background: #000000; background: linear-gradient(to bottom,#000000 0%,#000000 100%);  opacity: 0.3; \"><\/div><\/div><div class=\"nectar-shape-divider-wrap no-color\" style=\" height:20%;\" data-using-percent-val=\"true\" data-height=\"20%\" data-front=\"true\" data-style=\"tilt_alt\" data-position=\"top\" ><svg class=\"nectar-shape-divider\" aria-hidden=\"true\" fill=\"\" xmlns=\"http:\/\/www.w3.org\/2000\/svg\" viewbox=\"0 0 100 10\" preserveaspectratio=\"none\"> <polygon points=\"100 10 100 0 -4 10\"><\/polygon> <\/svg><\/div><div class=\"nectar-shape-divider-wrap no-color\" style=\" height:20%;\" data-using-percent-val=\"true\" data-height=\"20%\" data-front=\"true\" data-style=\"tilt_alt\" data-position=\"bottom\" ><svg class=\"nectar-shape-divider\" aria-hidden=\"true\" fill=\"\" xmlns=\"http:\/\/www.w3.org\/2000\/svg\" viewbox=\"0 0 100 10\" preserveaspectratio=\"none\"> <polygon points=\"100 10 100 0 -4 10\"><\/polygon> <\/svg><\/div><div class=\"row_col_wrap_12 col span_12 dark left\">\n\t<div  class=\"vc_col-sm-12 wpb_column column_container vc_column_container col no-extra-padding inherit_tablet inherit_phone\"  data-padding-pos=\"all\" data-has-bg-color=\"false\" data-bg-color=\"\" data-bg-opacity=\"1\" data-animation=\"\" data-delay=\"0\" >\n\t\t<div class=\"vc_column-inner\" >\n\t\t\t<div class=\"wpb_wrapper\">\n\t\t\t\t\n\t\t\t<\/div> \n\t\t<\/div>\n\t<\/div> \n<\/div><\/div>\r\n\t\t<div id=\"fws_69f659cc5226f\"  data-column-margin=\"default\" data-midnight=\"dark\"  class=\"wpb_row vc_row-fluid vc_row\"  style=\"padding-top: 0px; padding-bottom: 0px; \"><div class=\"row-bg-wrap\" data-bg-animation=\"none\" data-bg-overlay=\"false\"><div class=\"inner-wrap\"><div class=\"row-bg\"  style=\"\"><\/div><\/div><\/div><div class=\"row_col_wrap_12 col span_12 dark left\">\n\t<div  class=\"vc_col-sm-12 wpb_column column_container vc_column_container col no-extra-padding inherit_tablet inherit_phone\"  data-padding-pos=\"all\" data-has-bg-color=\"false\" data-bg-color=\"\" data-bg-opacity=\"1\" data-animation=\"\" data-delay=\"0\" >\n\t\t<div class=\"vc_column-inner\" >\n\t\t\t<div class=\"wpb_wrapper\">\n\t\t\t\t\r\n<div class=\"wpb_text_column wpb_content_element\" >\r\n\t<div class=\"wpb_wrapper\">\r\n\t\t<h4><\/h4>\n<h4>Numerous cultural and entertainment programs and sporting events are on offer during the summer months.<br \/>\nBiograd is a port, often visited by boaters whose destination is the Kornati archipelago. Regattas, sailing schools, and other nautical activities are organized throughout the year. Biograd marinas have a thousand berths in the sea and two hundred places on land. They are open all year round. In Biograd there is a modern tennis center and a number of sports and recreational facilities such as sailing schools, swimming, diving, windsurfing, water skiing, mini golf, jet ski, beach volleyball, fishing, parasailing, and large bike trails around Vrana Lake is 40 km long.<br \/>\nA hundred meters from the city center are a variety of pebble and sandy beaches with crystal clear sea. Along the entire city along the coast are numerous smaller beaches that can perfectly suit those who want to get away from the crowds. A large number of restaurants and cafes will surely allow you to complete your moments of rest or fun in the evening.<\/h4>\n<h4><\/h4>\n<h4>Biograd is a local trade and traffic center, with good connections to its hinterland, surrounding coastal settlements, towns and the island of Pasman.<br \/>\nThe main Adriatic road passes through the city, and some 15 km north is the Benkovac junction on the Zagreb-Split highway. Biograd is the center of the Riviera, which includes Sv. Petar na Moru, Turanj, Sv. Filip i Jakov, Biograd, Pako\u0161tane and Drage, as well as several settlements on the island of Pa\u0161man: Tkon, Kraj, Pa\u0161man, Barotul, Mrljane, Nevi\u0111ane, Dobropoljana, Banj and \u017ddrelac, and Vrgada on the island of the same name.<\/h4>\n<h4><\/h4>\n<h4>According to the 2001 census. population is 5259.<br \/>\nLocated close to Zadar and Split airports, on the main tourist road, Biograd draws life from the beauty of the city and the attractions of the environment that make it an attractive destination for a pleasant holiday in beautiful nature.<br \/>\nAlthough Biograd offers a rich cultural and entertainment life in its tourist offer, the sea and the sun and beautiful beaches are the real trump card of this white city.<br \/>\nThe long Pa\u0161man Channel is an ideal place for sailing and all activities at sea, but the Kornati is a real paradise for hikers and boaters.<br \/>\nThanks to its position in the center of the Adriatic coast, the town of Biograd is well connected with other parts of Croatia and the world:<\/h4>\n\t<\/div>\r\n<\/div>\r\n\r\n\r\n\r\n\n\t\t\t<\/div> \n\t\t<\/div>\n\t<\/div> \n<\/div><\/div>\r\n\t\t<div id=\"fws_69f659cc528c6\"  data-column-margin=\"default\" data-midnight=\"dark\" data-top-percent=\"10%\" data-bottom-percent=\"10%\"  class=\"wpb_row vc_row-fluid vc_row full-width-section\"  style=\"padding-top: calc(100vw * 0.10); padding-bottom: calc(100vw * 0.10); \"><div class=\"row-bg-wrap\" data-bg-animation=\"none\" data-bg-overlay=\"false\"><div class=\"inner-wrap\"><div class=\"row-bg\"  style=\"\"><\/div><\/div><\/div><div class=\"row_col_wrap_12 col span_12 dark left\">\n\t<div  class=\"vc_col-sm-12 wpb_column column_container vc_column_container col no-extra-padding inherit_tablet inherit_phone\"  data-padding-pos=\"all\" data-has-bg-color=\"false\" data-bg-color=\"\" data-bg-opacity=\"1\" data-animation=\"\" data-delay=\"0\" >\n\t\t<div class=\"vc_column-inner\" >\n\t\t\t<div class=\"wpb_wrapper\">\n\t\t\t\t<div id=\"fws_69f659cc52de3\" data-midnight=\"\" data-column-margin=\"default\" class=\"wpb_row vc_row-fluid vc_row inner_row  vc_row-o-equal-height vc_row-flex vc_row-o-content-middle\"  style=\"\"><div class=\"row-bg-wrap\"> <div class=\"row-bg\" ><\/div> <\/div><div class=\"row_col_wrap_12_inner col span_12  left\">\n\t<div  class=\"vc_col-sm-6 wpb_column column_container vc_column_container col child_column no-extra-padding inherit_tablet inherit_phone\"   data-padding-pos=\"all\" data-has-bg-color=\"false\" data-bg-color=\"\" data-bg-opacity=\"1\" data-animation=\"\" data-delay=\"0\">\n\t\t<div class=\"vc_column-inner\" >\n\t\t<div class=\"wpb_wrapper\">\n\t\t\t\r\n<div class=\"wpb_text_column wpb_content_element  wpb_animate_when_almost_visible wpb_bottom-to-top bottom-to-top vc_custom_1638027965608\" style=\" max-width: 500px; display: inline-block;\">\r\n\t<div class=\"wpb_wrapper\">\r\n\t\t<h4>By plane:<br \/>\n- airport Zadar \/ Zemunik - 20km<br \/>\n- Split airport - 120km<\/h4>\n<h4>By ferry:<br \/>\n- Ancona-Zadar, Biograd-Tkon<\/h4>\n<h4>By car \/ Bus:<br \/>\nBiograd-Zagreb: 287km<br \/>\nBiograd-Split: 132km<br \/>\nBiograd-Rijeka: 233km<br \/>\nBiograd-Osijek: 499km<br \/>\nBiograd-Dubrovnik: 340km<br \/>\nBiograd-Vienna: 638km<br \/>\nBiograd-Munich: 755km<br \/>\nBiograd-Milano: 721km<br \/>\nBiograd-Prague: 932km<br \/>\nBiograd-Budapest: 628km<br \/>\nBiograd-Bratislava: 696km<br \/>\nBiograd-Nuremberg: 923km<\/h4>\n<p>&nbsp;<\/p>\n<h4>GPS coordinates of the city of Biograd are: 43 \u00b0 56\u00b4N 15 \u00b0 27`E<\/h4>\n\t<\/div>\r\n<\/div>\r\n\r\n\r\n\r\n\n\t\t<\/div> \n\t<\/div>\n\t<\/div> \n\n\t<div  class=\"vc_col-sm-6 wpb_column column_container vc_column_container col child_column no-extra-padding inherit_tablet inherit_phone\"   data-padding-pos=\"all\" data-has-bg-color=\"false\" data-bg-color=\"\" data-bg-opacity=\"1\" data-animation=\"\" data-delay=\"0\">\n\t\t<div class=\"vc_column-inner\" >\n\t\t<div class=\"wpb_wrapper\">\n\t\t\t<div class=\"nectar_cascading_images\" data-border-radius=\"none\" data-parallax=\"\" data-parallax-intensity=\"subtle\" data-animation-timing=\"175\"><div class=\"cascading-image\" data-has-img=\"true\" style=\" padding:28%;\" data-max-width=\"100%\" data-max-width-mobile=\"100%\" data-animation=\"grow-in\" data-shadow=\"none\"><div class=\"inner-wrap\"><div class=\"bg-layer\" data-scale=\"1.6\" style=\"transform: scale(1.6)\"><div class=\"bg-color\" style=\" -webkit-transform:translateX(-30%) translateY(30%) rotate(-7.5deg) ; -ms-transform:translateX(-30%) translateY(30%) rotate(-7.5deg) ; transform: translateX(-30%) translateY(30%) rotate(-7.5deg) ; background-color: #3452ff;\" data-has-bg-color=\"true\"><\/div><div style=\" -webkit-transform:translateX(-30%) translateY(30%) rotate(-7.5deg) ; transform:translateX(-30%) translateY(30%) rotate(-7.5deg) ;\" class=\"img-wrap\"> <img src=\"http:\/\/moreta-touristagency.hr\/wp-content\/uploads\/2021\/11\/bio.jpg\" srcset=\"http:\/\/moreta-touristagency.hr\/wp-content\/uploads\/2021\/11\/bio.jpg 1024w, http:\/\/moreta-touristagency.hr\/wp-content\/uploads\/2021\/11\/bio-300x200.jpg 300w, http:\/\/moreta-touristagency.hr\/wp-content\/uploads\/2021\/11\/bio-768x512.jpg 768w, http:\/\/moreta-touristagency.hr\/wp-content\/uploads\/2021\/11\/bio-18x12.jpg 18w, http:\/\/moreta-touristagency.hr\/wp-content\/uploads\/2021\/11\/bio-900x600.jpg 900w\" sizes=\"(min-width: 1000px) 45vw, 100vw\" height=\"683\" width=\"1024\" class=\"skip-lazy\" alt=\"\" \/> <\/div><\/div><\/div><\/div><div class=\"cascading-image\" data-has-img=\"true\" style=\" padding:28%;\" data-max-width=\"100%\" data-max-width-mobile=\"100%\" data-animation=\"grow-in\" data-shadow=\"none\"><div class=\"inner-wrap\"><div class=\"bg-layer\" data-scale=\"1.5\" style=\"transform: scale(1.5)\"><div style=\" -webkit-transform:translateX(40%) translateY(30%) rotate(5deg) ; transform:translateX(40%) translateY(30%) rotate(5deg) ;\" class=\"img-wrap\"> <img src=\"http:\/\/moreta-touristagency.hr\/wp-content\/uploads\/2021\/11\/5o1w0ogb34kg9cw.jpg\" srcset=\"http:\/\/moreta-touristagency.hr\/wp-content\/uploads\/2021\/11\/5o1w0ogb34kg9cw.jpg 1920w, http:\/\/moreta-touristagency.hr\/wp-content\/uploads\/2021\/11\/5o1w0ogb34kg9cw-300x125.jpg 300w, http:\/\/moreta-touristagency.hr\/wp-content\/uploads\/2021\/11\/5o1w0ogb34kg9cw-1024x427.jpg 1024w, http:\/\/moreta-touristagency.hr\/wp-content\/uploads\/2021\/11\/5o1w0ogb34kg9cw-768x320.jpg 768w, http:\/\/moreta-touristagency.hr\/wp-content\/uploads\/2021\/11\/5o1w0ogb34kg9cw-1536x640.jpg 1536w, http:\/\/moreta-touristagency.hr\/wp-content\/uploads\/2021\/11\/5o1w0ogb34kg9cw-18x8.jpg 18w\" sizes=\"(min-width: 1000px) 45vw, 100vw\" height=\"800\" width=\"1920\" class=\"skip-lazy\" alt=\"\" \/> <\/div><\/div><\/div><\/div><div class=\"cascading-image\" data-has-img=\"true\" style=\" padding:28%;\" data-max-width=\"100%\" data-max-width-mobile=\"100%\" data-animation=\"grow-in\" data-shadow=\"x_large_depth\"><div class=\"inner-wrap\"><div class=\"bg-layer\" data-scale=\"1.6\" style=\"transform: scale(1.6)\"><div style=\" -webkit-transform:translateX(-50%) translateY(-70%) rotate(10deg) ; transform:translateX(-50%) translateY(-70%) rotate(10deg) ;\" class=\"img-wrap\"> <img src=\"http:\/\/moreta-touristagency.hr\/wp-content\/uploads\/2021\/11\/bio1.jpg\" srcset=\"http:\/\/moreta-touristagency.hr\/wp-content\/uploads\/2021\/11\/bio1.jpg 1150w, http:\/\/moreta-touristagency.hr\/wp-content\/uploads\/2021\/11\/bio1-300x200.jpg 300w, http:\/\/moreta-touristagency.hr\/wp-content\/uploads\/2021\/11\/bio1-1024x683.jpg 1024w, http:\/\/moreta-touristagency.hr\/wp-content\/uploads\/2021\/11\/bio1-768x512.jpg 768w, http:\/\/moreta-touristagency.hr\/wp-content\/uploads\/2021\/11\/bio1-18x12.jpg 18w, http:\/\/moreta-touristagency.hr\/wp-content\/uploads\/2021\/11\/bio1-900x600.jpg 900w\" sizes=\"(min-width: 1000px) 45vw, 100vw\" height=\"767\" width=\"1150\" class=\"skip-lazy\" alt=\"\" \/> <\/div><\/div><\/div><\/div><\/div>\n\t\t<\/div> \n\t<\/div>\n\t<\/div> \n<\/div><\/div>\n\t\t\t<\/div> \n\t\t<\/div>\n\t<\/div> \n<\/div><\/div>","protected":false},"excerpt":{"rendered":"Biograd na Moru (Biograd n\/M) je grad, luka i turisti\u010dko sredi\u0161te koje administrativno pripada Zadarskoj...","protected":false},"author":2,"featured_media":0,"parent":0,"menu_order":0,"comment_status":"closed","ping_status":"closed","template":"","meta":[],"yoast_head":"<!-- This site is optimized with the Yoast SEO plugin v18.3 - https:\/\/yoast.com\/wordpress\/plugins\/seo\/ -->\n<title>Biograd na moru - Turisti\u010dka Agencija Moreta<\/title>\n<meta name=\"robots\" content=\"index, follow, max-snippet:-1, max-image-preview:large, max-video-preview:-1\" \/>\n<link rel=\"canonical\" href=\"http:\/\/moreta-touristagency.hr\/en\/biograd-na-moru\/\" \/>\n<meta property=\"og:locale\" content=\"en_US\" \/>\n<meta property=\"og:type\" content=\"article\" \/>\n<meta property=\"og:title\" content=\"Biograd na moru - Turisti\u010dka Agencija Moreta\" \/>\n<meta property=\"og:url\" content=\"http:\/\/moreta-touristagency.hr\/en\/biograd-na-moru\/\" \/>\n<meta property=\"og:site_name\" content=\"Turisti\u010dka Agencija Moreta\" \/>\n<meta property=\"article:modified_time\" content=\"2021-11-27T15:56:10+00:00\" \/>\n<meta name=\"twitter:card\" content=\"summary_large_image\" \/>\n<meta name=\"twitter:label1\" content=\"Est. reading time\" \/>\n\t<meta name=\"twitter:data1\" content=\"4 minutes\" \/>\n<script type=\"application\/ld+json\" class=\"yoast-schema-graph\">{\"@context\":\"https:\/\/schema.org\",\"@graph\":[{\"@type\":\"WebSite\",\"@id\":\"http:\/\/moreta-touristagency.hr\/#website\",\"url\":\"http:\/\/moreta-touristagency.hr\/\",\"name\":\"Turisti\u010dka Agencija Moreta\",\"description\":\"Biograd na moru - turisti\u010dka agencija\",\"potentialAction\":[{\"@type\":\"SearchAction\",\"target\":{\"@type\":\"EntryPoint\",\"urlTemplate\":\"http:\/\/moreta-touristagency.hr\/?s={search_term_string}\"},\"query-input\":\"required name=search_term_string\"}],\"inLanguage\":\"en-US\"},{\"@type\":\"WebPage\",\"@id\":\"https:\/\/moreta-touristagency.hr\/biograd-na-moru\/#webpage\",\"url\":\"https:\/\/moreta-touristagency.hr\/biograd-na-moru\/\",\"name\":\"Biograd na moru - Turisti\u010dka Agencija Moreta\",\"isPartOf\":{\"@id\":\"http:\/\/moreta-touristagency.hr\/#website\"},\"datePublished\":\"2021-10-18T20:02:16+00:00\",\"dateModified\":\"2021-11-27T15:56:10+00:00\",\"breadcrumb\":{\"@id\":\"https:\/\/moreta-touristagency.hr\/biograd-na-moru\/#breadcrumb\"},\"inLanguage\":\"en-US\",\"potentialAction\":[{\"@type\":\"ReadAction\",\"target\":[\"https:\/\/moreta-touristagency.hr\/biograd-na-moru\/\"]}]},{\"@type\":\"BreadcrumbList\",\"@id\":\"https:\/\/moreta-touristagency.hr\/biograd-na-moru\/#breadcrumb\",\"itemListElement\":[{\"@type\":\"ListItem\",\"position\":1,\"name\":\"Po\u010detna stranica\",\"item\":\"http:\/\/moreta-touristagency.hr\/\"},{\"@type\":\"ListItem\",\"position\":2,\"name\":\"Biograd na moru\"}]}]}<\/script>\n<!-- \/ Yoast SEO plugin. -->","yoast_head_json":{"title":"Biograd na moru - Turisti\u010dka Agencija Moreta","robots":{"index":"index","follow":"follow","max-snippet":"max-snippet:-1","max-image-preview":"max-image-preview:large","max-video-preview":"max-video-preview:-1"},"canonical":"http:\/\/moreta-touristagency.hr\/en\/biograd-na-moru\/","og_locale":"en_US","og_type":"article","og_title":"Biograd na moru - Turisti\u010dka Agencija Moreta","og_url":"http:\/\/moreta-touristagency.hr\/en\/biograd-na-moru\/","og_site_name":"Turisti\u010dka Agencija Moreta","article_modified_time":"2021-11-27T15:56:10+00:00","twitter_card":"summary_large_image","twitter_misc":{"Est. reading time":"4 minutes"},"schema":{"@context":"https:\/\/schema.org","@graph":[{"@type":"WebSite","@id":"http:\/\/moreta-touristagency.hr\/#website","url":"http:\/\/moreta-touristagency.hr\/","name":"Turisti\u010dka Agencija Moreta","description":"Biograd na moru - turisti\u010dka agencija","potentialAction":[{"@type":"SearchAction","target":{"@type":"EntryPoint","urlTemplate":"http:\/\/moreta-touristagency.hr\/?s={search_term_string}"},"query-input":"required name=search_term_string"}],"inLanguage":"en-US"},{"@type":"WebPage","@id":"https:\/\/moreta-touristagency.hr\/biograd-na-moru\/#webpage","url":"https:\/\/moreta-touristagency.hr\/biograd-na-moru\/","name":"Biograd na moru - Turisti\u010dka Agencija Moreta","isPartOf":{"@id":"http:\/\/moreta-touristagency.hr\/#website"},"datePublished":"2021-10-18T20:02:16+00:00","dateModified":"2021-11-27T15:56:10+00:00","breadcrumb":{"@id":"https:\/\/moreta-touristagency.hr\/biograd-na-moru\/#breadcrumb"},"inLanguage":"en-US","potentialAction":[{"@type":"ReadAction","target":["https:\/\/moreta-touristagency.hr\/biograd-na-moru\/"]}]},{"@type":"BreadcrumbList","@id":"https:\/\/moreta-touristagency.hr\/biograd-na-moru\/#breadcrumb","itemListElement":[{"@type":"ListItem","position":1,"name":"Po\u010detna stranica","item":"http:\/\/moreta-touristagency.hr\/"},{"@type":"ListItem","position":2,"name":"Biograd na moru"}]}]}},"acf":[],"_links":{"self":[{"href":"http:\/\/moreta-touristagency.hr\/en\/wp-json\/wp\/v2\/pages\/918"}],"collection":[{"href":"http:\/\/moreta-touristagency.hr\/en\/wp-json\/wp\/v2\/pages"}],"about":[{"href":"http:\/\/moreta-touristagency.hr\/en\/wp-json\/wp\/v2\/types\/page"}],"author":[{"embeddable":true,"href":"http:\/\/moreta-touristagency.hr\/en\/wp-json\/wp\/v2\/users\/2"}],"replies":[{"embeddable":true,"href":"http:\/\/moreta-touristagency.hr\/en\/wp-json\/wp\/v2\/comments?post=918"}],"version-history":[{"count":13,"href":"http:\/\/moreta-touristagency.hr\/en\/wp-json\/wp\/v2\/pages\/918\/revisions"}],"predecessor-version":[{"id":1156,"href":"http:\/\/moreta-touristagency.hr\/en\/wp-json\/wp\/v2\/pages\/918\/revisions\/1156"}],"wp:attachment":[{"href":"http:\/\/moreta-touristagency.hr\/en\/wp-json\/wp\/v2\/media?parent=918"}],"curies":[{"name":"wp","href":"https:\/\/api.w.org\/{rel}","templated":true}]}}