{"id":918,"date":"2021-10-18T20:02:16","date_gmt":"2021-10-18T20:02:16","guid":{"rendered":"https:\/\/moreta-touristagency.hr\/?page_id=918"},"modified":"2021-11-27T15:56:10","modified_gmt":"2021-11-27T15:56:10","slug":"biograd-na-moru","status":"publish","type":"page","link":"http:\/\/moreta-touristagency.hr\/de\/biograd-na-moru\/","title":{"rendered":"Biograd na moru"},"content":{"rendered":"<div id=\"fws_69e1ec1be0cb4\"  data-column-margin=\"default\" data-midnight=\"dark\" data-top-percent=\"20%\" data-bottom-percent=\"20%\"  class=\"wpb_row vc_row-fluid vc_row full-width-section parallax_section\"  style=\"padding-top: calc(100vw * 0.20); padding-bottom: calc(100vw * 0.20); \"><div class=\"row-bg-wrap\" data-bg-animation=\"zoom-out-reveal\" data-bg-overlay=\"true\"><div class=\"inner-wrap using-image\"><div class=\"row-bg using-image\" data-parallax-speed=\"fast\" style=\"background-image: url(http:\/\/moreta-touristagency.hr\/wp-content\/uploads\/2021\/11\/biograd-na-moru.jpg); background-position: center top; background-repeat: no-repeat; \"><\/div><\/div><div class=\"row-bg-overlay\" style=\"background: #000000; background: linear-gradient(90deg,#000000 0%,#000000 100%);  opacity: 0.5; \"><\/div><\/div><div class=\"nectar-shape-divider-wrap no-color\" style=\" height:20%;\" data-using-percent-val=\"true\" data-height=\"20%\" data-front=\"\" data-style=\"tilt_alt\" data-position=\"bottom\" ><svg class=\"nectar-shape-divider\" aria-hidden=\"true\" fill=\"\" xmlns=\"http:\/\/www.w3.org\/2000\/svg\" viewbox=\"0 0 100 10\" preserveaspectratio=\"none\"> <polygon points=\"100 10 100 0 -4 10\"><\/polygon> <\/svg><\/div><div class=\"row_col_wrap_12 col span_12 dark left\">\n\t<div  class=\"vc_col-sm-12 wpb_column column_container vc_column_container col no-extra-padding inherit_tablet inherit_phone\"  data-padding-pos=\"all\" data-has-bg-color=\"false\" data-bg-color=\"\" data-bg-opacity=\"1\" data-animation=\"\" data-delay=\"0\" >\n\t\t<div class=\"vc_column-inner\" >\n\t\t\t<div class=\"wpb_wrapper\">\n\t\t\t\t\n\t\t\t<\/div> \n\t\t<\/div>\n\t<\/div> \n<\/div><\/div>\r\n\t\t<div id=\"fws_69e1ec1be1764\"  data-column-margin=\"default\" data-midnight=\"dark\"  class=\"wpb_row vc_row-fluid vc_row\"  style=\"padding-top: 0px; padding-bottom: 0px; \"><div class=\"row-bg-wrap\" data-bg-animation=\"none\" data-bg-overlay=\"true\"><div class=\"inner-wrap\"><div class=\"row-bg using-bg-color\"  style=\"background-color: #ffffff; \"><\/div><\/div><div class=\"row-bg-overlay\" style=\"background-color:#000000;  opacity: 0.5; \"><\/div><\/div><div class=\"row_col_wrap_12 col span_12 dark left\">\n\t<div style=\"\" class=\"vc_col-sm-12 wpb_column column_container vc_column_container col no-extra-padding inherit_tablet inherit_phone\" data-using-bg=\"true\" data-padding-pos=\"all\" data-has-bg-color=\"true\" data-bg-color=\"#ffffff\" data-bg-opacity=\"1\" data-hover-bg=\"#ffffff\" data-hover-bg-opacity=\"1\" data-animation=\"\" data-delay=\"0\" >\n\t\t<div class=\"vc_column-inner\" ><div class=\"column-bg-overlay-wrap\" data-bg-animation=\"none\"><div class=\"column-bg-overlay\" style=\"opacity: 1; background-color: #ffffff;\"><\/div><\/div>\n\t\t\t<div class=\"wpb_wrapper\">\n\t\t\t\t\r\n<div class=\"wpb_text_column wpb_content_element  vc_custom_1638027548621\" >\r\n\t<div class=\"wpb_wrapper\">\r\n\t\t<p><strong>Biograd na Moru (Biograd n \/ M)<\/strong> ist eine Stadt, ein Hafen und ein touristisches Zentrum, das administrativ zur Gespanschaft Zadar geh\u00f6rt. Es liegt 30 km s\u00fcdlich von Zadar.<\/p>\n<p>Es liegt auf einer Halbinsel, umgeben von Yachth\u00e4fen und einer Uferpromenade mit einem unvergesslichen Blick auf eine der malerischsten Meerengen; Der Pa\u0161man-Kanal und die dort verstreuten Inselchen. Kein Wunder also, die reiche touristische Geschichte. Auf seiner Nordseite befindet sich die Bucht Bo\u0161ana und auf der S\u00fcdseite Soline.<\/p>\n<p>Vor der Stadt liegen die Inseln Planac und Sv. Katarina (mit Leuchtturm). Die durchschnittliche Lufttemperatur betr\u00e4gt im Januar 7 \u00b0 C und im Juli 24,5 \u00b0 C, mit einer durchschnittlichen j\u00e4hrlichen Niederschlagsmenge von 840 mm. In der Bucht von Soline gibt es einen gro\u00dfen, \u00f6ffentlichen Sandstrand, der von einem Pinienwald umgeben ist.<\/p>\n<p>Die N\u00e4he der Nationalparks Kornati, Paklenica, Krka und Plitvicer Seen sowie die N\u00e4he der kulturhistorischen St\u00e4dte Zadar, Sibenik und Knin sowie der St\u00e4dte Nin, Skradin und Benkovac bieten den G\u00e4sten von Biograd die M\u00f6glichkeit, in Gebiete zu reisen, die geh\u00f6ren zu den sch\u00f6nsten Teilen Kroatiens.<\/p>\n<p>Die touristische Entwicklung von Biograd begann zwischen den beiden Weltkriegen. 1920 kamen die ersten tschechischen G\u00e4ste nach Biograd.<\/p>\n\t<\/div>\r\n<\/div>\r\n\r\n\r\n\r\n\n\t\t\t<\/div> \n\t\t<\/div>\n\t<\/div> \n<\/div><\/div>\r\n\t\t<div id=\"fws_69e1ec1be245d\"  data-column-margin=\"default\" data-midnight=\"dark\" data-top-percent=\"20%\" data-bottom-percent=\"20%\"  class=\"wpb_row vc_row-fluid vc_row full-width-section\"  style=\"padding-top: calc(100vw * 0.20); padding-bottom: calc(100vw * 0.20); \"><div class=\"row-bg-wrap\" data-bg-animation=\"zoom-out-reveal\" data-bg-overlay=\"true\"><div class=\"inner-wrap using-image\"><div class=\"row-bg using-image\"  style=\"background-image: url(http:\/\/moreta-touristagency.hr\/wp-content\/uploads\/2021\/11\/Biograd-na-moru-1.jpg); background-position: center top; background-repeat: no-repeat; \"><\/div><\/div><div class=\"row-bg-overlay\" style=\"background: #000000; background: linear-gradient(to bottom,#000000 0%,#000000 100%);  opacity: 0.3; \"><\/div><\/div><div class=\"nectar-shape-divider-wrap no-color\" style=\" height:20%;\" data-using-percent-val=\"true\" data-height=\"20%\" data-front=\"true\" data-style=\"tilt_alt\" data-position=\"top\" ><svg class=\"nectar-shape-divider\" aria-hidden=\"true\" fill=\"\" xmlns=\"http:\/\/www.w3.org\/2000\/svg\" viewbox=\"0 0 100 10\" preserveaspectratio=\"none\"> <polygon points=\"100 10 100 0 -4 10\"><\/polygon> <\/svg><\/div><div class=\"nectar-shape-divider-wrap no-color\" style=\" height:20%;\" data-using-percent-val=\"true\" data-height=\"20%\" data-front=\"true\" data-style=\"tilt_alt\" data-position=\"bottom\" ><svg class=\"nectar-shape-divider\" aria-hidden=\"true\" fill=\"\" xmlns=\"http:\/\/www.w3.org\/2000\/svg\" viewbox=\"0 0 100 10\" preserveaspectratio=\"none\"> <polygon points=\"100 10 100 0 -4 10\"><\/polygon> <\/svg><\/div><div class=\"row_col_wrap_12 col span_12 dark left\">\n\t<div  class=\"vc_col-sm-12 wpb_column column_container vc_column_container col no-extra-padding inherit_tablet inherit_phone\"  data-padding-pos=\"all\" data-has-bg-color=\"false\" data-bg-color=\"\" data-bg-opacity=\"1\" data-animation=\"\" data-delay=\"0\" >\n\t\t<div class=\"vc_column-inner\" >\n\t\t\t<div class=\"wpb_wrapper\">\n\t\t\t\t\n\t\t\t<\/div> \n\t\t<\/div>\n\t<\/div> \n<\/div><\/div>\r\n\t\t<div id=\"fws_69e1ec1be2c48\"  data-column-margin=\"default\" data-midnight=\"dark\"  class=\"wpb_row vc_row-fluid vc_row\"  style=\"padding-top: 0px; padding-bottom: 0px; \"><div class=\"row-bg-wrap\" data-bg-animation=\"none\" data-bg-overlay=\"false\"><div class=\"inner-wrap\"><div class=\"row-bg\"  style=\"\"><\/div><\/div><\/div><div class=\"row_col_wrap_12 col span_12 dark left\">\n\t<div  class=\"vc_col-sm-12 wpb_column column_container vc_column_container col no-extra-padding inherit_tablet inherit_phone\"  data-padding-pos=\"all\" data-has-bg-color=\"false\" data-bg-color=\"\" data-bg-opacity=\"1\" data-animation=\"\" data-delay=\"0\" >\n\t\t<div class=\"vc_column-inner\" >\n\t\t\t<div class=\"wpb_wrapper\">\n\t\t\t\t\r\n<div class=\"wpb_text_column wpb_content_element\" >\r\n\t<div class=\"wpb_wrapper\">\r\n\t\t<h4><\/h4>\n<h4>In den Sommermonaten werden zahlreiche Kultur- und Unterhaltungsprogramme sowie Sportveranstaltungen angeboten.<br \/>\nBiograd ist ein Hafen, der oft von Bootsfahrern besucht wird, deren Ziel der Kornati-Archipel ist. Regatten, Segelschulen und andere nautische Aktivit\u00e4ten werden das ganze Jahr \u00fcber organisiert. Die Marinas von Biograd haben tausend Liegepl\u00e4tze im Meer und zweihundert Pl\u00e4tze an Land. Sie sind ganzj\u00e4hrig ge\u00f6ffnet. In Biograd gibt es ein modernes Tenniszentrum und eine Reihe von Sport- und Freizeiteinrichtungen wie Segelschulen, Schwimmen, Tauchen, Windsurfen, Wasserski, Minigolf, Jetski, Beachvolleyball, Angeln, Parasailing und gro\u00dfe Radwege rund um den Vrana-See ist 40 km lang.<br \/>\nHundert Meter vom Stadtzentrum entfernt befinden sich eine Vielzahl von Kies- und Sandstr\u00e4nden mit kristallklarem Meer. Entlang der gesamten Stadt entlang der K\u00fcste gibt es zahlreiche kleinere Str\u00e4nde, die perfekt f\u00fcr diejenigen geeignet sind, die den Massen entfliehen m\u00f6chten. Eine gro\u00dfe Anzahl von Restaurants und Caf\u00e9s wird es Ihnen sicherlich erm\u00f6glichen, Ihre Momente der Ruhe oder des Spa\u00dfes am Abend zu vervollst\u00e4ndigen.<\/h4>\n<h4><\/h4>\n<h4>Biograd ist ein lokales Handels- und Verkehrszentrum mit guter Anbindung an das Hinterland, die umliegenden K\u00fcstensiedlungen, St\u00e4dte und die Insel Pasman.<br \/>\nDurch die Stadt f\u00fchrt die Adria-Hauptstra\u00dfe, und etwa 15 km n\u00f6rdlich befindet sich die Anschlussstelle Benkovac der Autobahn Zagreb-Split. Biograd ist das Zentrum der Riviera, zu der Sv. Petar na Moru, Turanj, Sv. Filip i Jakov, Biograd, Pako\u0161tane und Drage sowie mehrere Siedlungen auf der Insel Pa\u0161man: Tkon, Kraj, Pa\u0161man, Barotul, Mrljane, Nevi\u0111ane, Dobropoljana, Banj und \u017ddrelac sowie Vrgada auf der gleichnamigen Insel.<\/h4>\n<h4><\/h4>\n<h4>Laut Volksz\u00e4hlung von 2001. Die Einwohnerzahl betr\u00e4gt 5259.<br \/>\nIn der N\u00e4he der Flugh\u00e4fen Zadar und Split, an der Hauptverkehrsstra\u00dfe gelegen, sch\u00f6pft Biograd seine Lebenskraft aus der Sch\u00f6nheit der Stadt und den Attraktionen der Umgebung, die es zu einem attraktiven Ziel f\u00fcr einen angenehmen Urlaub in sch\u00f6ner Natur machen.<br \/>\nObwohl Biograd in seinem touristischen Angebot ein reiches Kultur- und Unterhaltungsleben bietet, sind das Meer und die Sonne und die sch\u00f6nen Str\u00e4nde der wahre Trumpf dieser wei\u00dfen Stadt.<br \/>\nDer lange Pa\u0161man-Kanal ist ein idealer Ort zum Segeln und f\u00fcr alle Aktivit\u00e4ten auf dem Meer, aber die Kornaten sind ein wahres Paradies f\u00fcr Wanderer und Bootsfahrer.<br \/>\nDank ihrer Lage im Zentrum der Adriak\u00fcste ist die Stadt Biograd gut mit anderen Teilen Kroatiens und der Welt verbunden:<\/h4>\n\t<\/div>\r\n<\/div>\r\n\r\n\r\n\r\n\n\t\t\t<\/div> \n\t\t<\/div>\n\t<\/div> \n<\/div><\/div>\r\n\t\t<div id=\"fws_69e1ec1be362f\"  data-column-margin=\"default\" data-midnight=\"dark\" data-top-percent=\"10%\" data-bottom-percent=\"10%\"  class=\"wpb_row vc_row-fluid vc_row full-width-section\"  style=\"padding-top: calc(100vw * 0.10); padding-bottom: calc(100vw * 0.10); \"><div class=\"row-bg-wrap\" data-bg-animation=\"none\" data-bg-overlay=\"false\"><div class=\"inner-wrap\"><div class=\"row-bg\"  style=\"\"><\/div><\/div><\/div><div class=\"row_col_wrap_12 col span_12 dark left\">\n\t<div  class=\"vc_col-sm-12 wpb_column column_container vc_column_container col no-extra-padding inherit_tablet inherit_phone\"  data-padding-pos=\"all\" data-has-bg-color=\"false\" data-bg-color=\"\" data-bg-opacity=\"1\" data-animation=\"\" data-delay=\"0\" >\n\t\t<div class=\"vc_column-inner\" >\n\t\t\t<div class=\"wpb_wrapper\">\n\t\t\t\t<div id=\"fws_69e1ec1be3cf1\" data-midnight=\"\" data-column-margin=\"default\" class=\"wpb_row vc_row-fluid vc_row inner_row  vc_row-o-equal-height vc_row-flex vc_row-o-content-middle\"  style=\"\"><div class=\"row-bg-wrap\"> <div class=\"row-bg\" ><\/div> <\/div><div class=\"row_col_wrap_12_inner col span_12  left\">\n\t<div  class=\"vc_col-sm-6 wpb_column column_container vc_column_container col child_column no-extra-padding inherit_tablet inherit_phone\"   data-padding-pos=\"all\" data-has-bg-color=\"false\" data-bg-color=\"\" data-bg-opacity=\"1\" data-animation=\"\" data-delay=\"0\">\n\t\t<div class=\"vc_column-inner\" >\n\t\t<div class=\"wpb_wrapper\">\n\t\t\t\r\n<div class=\"wpb_text_column wpb_content_element  wpb_animate_when_almost_visible wpb_bottom-to-top bottom-to-top vc_custom_1638027965608\" style=\" max-width: 500px; display: inline-block;\">\r\n\t<div class=\"wpb_wrapper\">\r\n\t\t<h4>Mit dem Flugzeug:<br \/>\n- Flughafen Zadar \/ Zemunik - 20km<br \/>\n- Flughafen Split - 120km<\/h4>\n<h4>Mit der F\u00e4hre:<br \/>\n- Ancona-Zadar, Biograd-Tkon<\/h4>\n<h4>Mit dem Auto \/ Bus:<br \/>\nBiograd-Zagreb: 287km<br \/>\nBiograd-Split: 132km<br \/>\nBiograd-Rijeka: 233km<br \/>\nBiograd-Osijek: 499km<br \/>\nBiograd-Dubrovnik: 340km<br \/>\nBiograd-Wien: 638km<br \/>\nBiograd-M\u00fcnchen: 755km<br \/>\nBiograd-Mailand: 721km<br \/>\nBiograd-Prag: 932km<br \/>\nBiograd-Budapest: 628km<br \/>\nBiograd-Bratislava: 696km<br \/>\nBiograd-N\u00fcrnberg: 923km<\/h4>\n<p>&nbsp;<\/p>\n<h4>GPS-Koordinaten der Stadt Biograd sind: 43\u00b0 56\u00b4N 15\u00b0 27`E<\/h4>\n\t<\/div>\r\n<\/div>\r\n\r\n\r\n\r\n\n\t\t<\/div> \n\t<\/div>\n\t<\/div> \n\n\t<div  class=\"vc_col-sm-6 wpb_column column_container vc_column_container col child_column no-extra-padding inherit_tablet inherit_phone\"   data-padding-pos=\"all\" data-has-bg-color=\"false\" data-bg-color=\"\" data-bg-opacity=\"1\" data-animation=\"\" data-delay=\"0\">\n\t\t<div class=\"vc_column-inner\" >\n\t\t<div class=\"wpb_wrapper\">\n\t\t\t<div class=\"nectar_cascading_images\" data-border-radius=\"none\" data-parallax=\"\" data-parallax-intensity=\"subtle\" data-animation-timing=\"175\"><div class=\"cascading-image\" data-has-img=\"true\" style=\" padding:28%;\" data-max-width=\"100%\" data-max-width-mobile=\"100%\" data-animation=\"grow-in\" data-shadow=\"none\"><div class=\"inner-wrap\"><div class=\"bg-layer\" data-scale=\"1.6\" style=\"transform: scale(1.6)\"><div class=\"bg-color\" style=\" -webkit-transform:translateX(-30%) translateY(30%) rotate(-7.5deg) ; -ms-transform:translateX(-30%) translateY(30%) rotate(-7.5deg) ; transform: translateX(-30%) translateY(30%) rotate(-7.5deg) ; background-color: #3452ff;\" data-has-bg-color=\"true\"><\/div><div style=\" -webkit-transform:translateX(-30%) translateY(30%) rotate(-7.5deg) ; transform:translateX(-30%) translateY(30%) rotate(-7.5deg) ;\" class=\"img-wrap\"> <img src=\"http:\/\/moreta-touristagency.hr\/wp-content\/uploads\/2021\/11\/bio.jpg\" srcset=\"http:\/\/moreta-touristagency.hr\/wp-content\/uploads\/2021\/11\/bio.jpg 1024w, http:\/\/moreta-touristagency.hr\/wp-content\/uploads\/2021\/11\/bio-300x200.jpg 300w, http:\/\/moreta-touristagency.hr\/wp-content\/uploads\/2021\/11\/bio-768x512.jpg 768w, http:\/\/moreta-touristagency.hr\/wp-content\/uploads\/2021\/11\/bio-18x12.jpg 18w, http:\/\/moreta-touristagency.hr\/wp-content\/uploads\/2021\/11\/bio-900x600.jpg 900w\" sizes=\"(min-width: 1000px) 45vw, 100vw\" height=\"683\" width=\"1024\" class=\"skip-lazy\" alt=\"\" \/> <\/div><\/div><\/div><\/div><div class=\"cascading-image\" data-has-img=\"true\" style=\" padding:28%;\" data-max-width=\"100%\" data-max-width-mobile=\"100%\" data-animation=\"grow-in\" data-shadow=\"none\"><div class=\"inner-wrap\"><div class=\"bg-layer\" data-scale=\"1.5\" style=\"transform: scale(1.5)\"><div style=\" -webkit-transform:translateX(40%) translateY(30%) rotate(5deg) ; transform:translateX(40%) translateY(30%) rotate(5deg) ;\" class=\"img-wrap\"> <img src=\"http:\/\/moreta-touristagency.hr\/wp-content\/uploads\/2021\/11\/5o1w0ogb34kg9cw.jpg\" srcset=\"http:\/\/moreta-touristagency.hr\/wp-content\/uploads\/2021\/11\/5o1w0ogb34kg9cw.jpg 1920w, http:\/\/moreta-touristagency.hr\/wp-content\/uploads\/2021\/11\/5o1w0ogb34kg9cw-300x125.jpg 300w, http:\/\/moreta-touristagency.hr\/wp-content\/uploads\/2021\/11\/5o1w0ogb34kg9cw-1024x427.jpg 1024w, http:\/\/moreta-touristagency.hr\/wp-content\/uploads\/2021\/11\/5o1w0ogb34kg9cw-768x320.jpg 768w, http:\/\/moreta-touristagency.hr\/wp-content\/uploads\/2021\/11\/5o1w0ogb34kg9cw-1536x640.jpg 1536w, http:\/\/moreta-touristagency.hr\/wp-content\/uploads\/2021\/11\/5o1w0ogb34kg9cw-18x8.jpg 18w\" sizes=\"(min-width: 1000px) 45vw, 100vw\" height=\"800\" width=\"1920\" class=\"skip-lazy\" alt=\"\" \/> <\/div><\/div><\/div><\/div><div class=\"cascading-image\" data-has-img=\"true\" style=\" padding:28%;\" data-max-width=\"100%\" data-max-width-mobile=\"100%\" data-animation=\"grow-in\" data-shadow=\"x_large_depth\"><div class=\"inner-wrap\"><div class=\"bg-layer\" data-scale=\"1.6\" style=\"transform: scale(1.6)\"><div style=\" -webkit-transform:translateX(-50%) translateY(-70%) rotate(10deg) ; transform:translateX(-50%) translateY(-70%) rotate(10deg) ;\" class=\"img-wrap\"> <img src=\"http:\/\/moreta-touristagency.hr\/wp-content\/uploads\/2021\/11\/bio1.jpg\" srcset=\"http:\/\/moreta-touristagency.hr\/wp-content\/uploads\/2021\/11\/bio1.jpg 1150w, http:\/\/moreta-touristagency.hr\/wp-content\/uploads\/2021\/11\/bio1-300x200.jpg 300w, http:\/\/moreta-touristagency.hr\/wp-content\/uploads\/2021\/11\/bio1-1024x683.jpg 1024w, http:\/\/moreta-touristagency.hr\/wp-content\/uploads\/2021\/11\/bio1-768x512.jpg 768w, http:\/\/moreta-touristagency.hr\/wp-content\/uploads\/2021\/11\/bio1-18x12.jpg 18w, http:\/\/moreta-touristagency.hr\/wp-content\/uploads\/2021\/11\/bio1-900x600.jpg 900w\" sizes=\"(min-width: 1000px) 45vw, 100vw\" height=\"767\" width=\"1150\" class=\"skip-lazy\" alt=\"\" \/> <\/div><\/div><\/div><\/div><\/div>\n\t\t<\/div> \n\t<\/div>\n\t<\/div> \n<\/div><\/div>\n\t\t\t<\/div> \n\t\t<\/div>\n\t<\/div> \n<\/div><\/div>","protected":false},"excerpt":{"rendered":"Biograd na Moru (Biograd n\/M) je grad, luka i turisti\u010dko sredi\u0161te koje administrativno pripada Zadarskoj...","protected":false},"author":2,"featured_media":0,"parent":0,"menu_order":0,"comment_status":"closed","ping_status":"closed","template":"","meta":[],"yoast_head":"<!-- This site is optimized with the Yoast SEO plugin v18.3 - https:\/\/yoast.com\/wordpress\/plugins\/seo\/ -->\n<title>Biograd na moru - Turisti\u010dka Agencija Moreta<\/title>\n<meta name=\"robots\" content=\"index, follow, max-snippet:-1, max-image-preview:large, max-video-preview:-1\" \/>\n<link rel=\"canonical\" href=\"http:\/\/moreta-touristagency.hr\/de\/biograd-na-moru\/\" \/>\n<meta property=\"og:locale\" content=\"de_DE\" \/>\n<meta property=\"og:type\" content=\"article\" \/>\n<meta property=\"og:title\" content=\"Biograd na moru - Turisti\u010dka Agencija Moreta\" \/>\n<meta property=\"og:url\" content=\"http:\/\/moreta-touristagency.hr\/de\/biograd-na-moru\/\" \/>\n<meta property=\"og:site_name\" content=\"Turisti\u010dka Agencija Moreta\" \/>\n<meta property=\"article:modified_time\" content=\"2021-11-27T15:56:10+00:00\" \/>\n<meta name=\"twitter:card\" content=\"summary_large_image\" \/>\n<meta name=\"twitter:label1\" content=\"Gesch\u00e4tzte Lesezeit\" \/>\n\t<meta name=\"twitter:data1\" content=\"4\u00a0Minuten\" \/>\n<script type=\"application\/ld+json\" class=\"yoast-schema-graph\">{\"@context\":\"https:\/\/schema.org\",\"@graph\":[{\"@type\":\"WebSite\",\"@id\":\"http:\/\/moreta-touristagency.hr\/#website\",\"url\":\"http:\/\/moreta-touristagency.hr\/\",\"name\":\"Turisti\u010dka Agencija Moreta\",\"description\":\"Biograd na moru - turisti\u010dka agencija\",\"potentialAction\":[{\"@type\":\"SearchAction\",\"target\":{\"@type\":\"EntryPoint\",\"urlTemplate\":\"http:\/\/moreta-touristagency.hr\/?s={search_term_string}\"},\"query-input\":\"required name=search_term_string\"}],\"inLanguage\":\"de\"},{\"@type\":\"WebPage\",\"@id\":\"http:\/\/moreta-touristagency.hr\/de\/biograd-na-moru\/#webpage\",\"url\":\"http:\/\/moreta-touristagency.hr\/de\/biograd-na-moru\/\",\"name\":\"Biograd na moru - Turisti\u010dka Agencija Moreta\",\"isPartOf\":{\"@id\":\"http:\/\/moreta-touristagency.hr\/#website\"},\"datePublished\":\"2021-10-18T20:02:16+00:00\",\"dateModified\":\"2021-11-27T15:56:10+00:00\",\"breadcrumb\":{\"@id\":\"http:\/\/moreta-touristagency.hr\/de\/biograd-na-moru\/#breadcrumb\"},\"inLanguage\":\"de\",\"potentialAction\":[{\"@type\":\"ReadAction\",\"target\":[\"http:\/\/moreta-touristagency.hr\/de\/biograd-na-moru\/\"]}]},{\"@type\":\"BreadcrumbList\",\"@id\":\"http:\/\/moreta-touristagency.hr\/de\/biograd-na-moru\/#breadcrumb\",\"itemListElement\":[{\"@type\":\"ListItem\",\"position\":1,\"name\":\"Po\u010detna stranica\",\"item\":\"http:\/\/moreta-touristagency.hr\/\"},{\"@type\":\"ListItem\",\"position\":2,\"name\":\"Biograd na moru\"}]}]}<\/script>\n<!-- \/ Yoast SEO plugin. -->","yoast_head_json":{"title":"Biograd na moru - Turisti\u010dka Agencija Moreta","robots":{"index":"index","follow":"follow","max-snippet":"max-snippet:-1","max-image-preview":"max-image-preview:large","max-video-preview":"max-video-preview:-1"},"canonical":"http:\/\/moreta-touristagency.hr\/de\/biograd-na-moru\/","og_locale":"de_DE","og_type":"article","og_title":"Biograd na moru - Turisti\u010dka Agencija Moreta","og_url":"http:\/\/moreta-touristagency.hr\/de\/biograd-na-moru\/","og_site_name":"Turisti\u010dka Agencija Moreta","article_modified_time":"2021-11-27T15:56:10+00:00","twitter_card":"summary_large_image","twitter_misc":{"Gesch\u00e4tzte Lesezeit":"4\u00a0Minuten"},"schema":{"@context":"https:\/\/schema.org","@graph":[{"@type":"WebSite","@id":"http:\/\/moreta-touristagency.hr\/#website","url":"http:\/\/moreta-touristagency.hr\/","name":"Turisti\u010dka Agencija Moreta","description":"Biograd na moru - turisti\u010dka agencija","potentialAction":[{"@type":"SearchAction","target":{"@type":"EntryPoint","urlTemplate":"http:\/\/moreta-touristagency.hr\/?s={search_term_string}"},"query-input":"required name=search_term_string"}],"inLanguage":"de"},{"@type":"WebPage","@id":"http:\/\/moreta-touristagency.hr\/de\/biograd-na-moru\/#webpage","url":"http:\/\/moreta-touristagency.hr\/de\/biograd-na-moru\/","name":"Biograd na moru - Turisti\u010dka Agencija Moreta","isPartOf":{"@id":"http:\/\/moreta-touristagency.hr\/#website"},"datePublished":"2021-10-18T20:02:16+00:00","dateModified":"2021-11-27T15:56:10+00:00","breadcrumb":{"@id":"http:\/\/moreta-touristagency.hr\/de\/biograd-na-moru\/#breadcrumb"},"inLanguage":"de","potentialAction":[{"@type":"ReadAction","target":["http:\/\/moreta-touristagency.hr\/de\/biograd-na-moru\/"]}]},{"@type":"BreadcrumbList","@id":"http:\/\/moreta-touristagency.hr\/de\/biograd-na-moru\/#breadcrumb","itemListElement":[{"@type":"ListItem","position":1,"name":"Po\u010detna stranica","item":"http:\/\/moreta-touristagency.hr\/"},{"@type":"ListItem","position":2,"name":"Biograd na moru"}]}]}},"acf":[],"_links":{"self":[{"href":"http:\/\/moreta-touristagency.hr\/de\/wp-json\/wp\/v2\/pages\/918"}],"collection":[{"href":"http:\/\/moreta-touristagency.hr\/de\/wp-json\/wp\/v2\/pages"}],"about":[{"href":"http:\/\/moreta-touristagency.hr\/de\/wp-json\/wp\/v2\/types\/page"}],"author":[{"embeddable":true,"href":"http:\/\/moreta-touristagency.hr\/de\/wp-json\/wp\/v2\/users\/2"}],"replies":[{"embeddable":true,"href":"http:\/\/moreta-touristagency.hr\/de\/wp-json\/wp\/v2\/comments?post=918"}],"version-history":[{"count":13,"href":"http:\/\/moreta-touristagency.hr\/de\/wp-json\/wp\/v2\/pages\/918\/revisions"}],"predecessor-version":[{"id":1156,"href":"http:\/\/moreta-touristagency.hr\/de\/wp-json\/wp\/v2\/pages\/918\/revisions\/1156"}],"wp:attachment":[{"href":"http:\/\/moreta-touristagency.hr\/de\/wp-json\/wp\/v2\/media?parent=918"}],"curies":[{"name":"wp","href":"https:\/\/api.w.org\/{rel}","templated":true}]}}